{"id":1919,"date":"2025-05-16T07:18:30","date_gmt":"2025-05-16T06:18:30","guid":{"rendered":"https:\/\/sposafiorente.com\/?page_id=1919"},"modified":"2025-12-10T18:06:25","modified_gmt":"2025-12-10T17:06:25","slug":"useful-information","status":"publish","type":"page","link":"https:\/\/sposafiorente.com\/de\/useful-information\/","title":{"rendered":"Informationen"},"content":{"rendered":"<div data-elementor-type=\"wp-page\" data-elementor-id=\"1919\" class=\"elementor elementor-1919\">\n\t\t\t\t<div class=\"elementor-element elementor-element-b21d57e e-con-full e-flex e-con e-parent\" data-id=\"b21d57e\" data-element_type=\"container\" data-e-type=\"container\" data-settings=\"{&quot;background_background&quot;:&quot;classic&quot;}\">\n\t\t\t\t<div class=\"elementor-element elementor-element-1742fa6 elementor-widget elementor-widget-heading\" data-id=\"1742fa6\" data-element_type=\"widget\" data-e-type=\"widget\" data-widget_type=\"heading.default\">\n\t\t\t\t<div class=\"elementor-widget-container\">\n\t\t\t\t\t<h2 class=\"elementor-heading-title elementor-size-default\">N\u00dcTZLICHE INFORMATIONEN<\/h2>\t\t\t\t<\/div>\n\t\t\t\t<\/div>\n\t\t<div class=\"elementor-element elementor-element-b78a18a e-flex e-con-boxed e-con e-child\" data-id=\"b78a18a\" data-element_type=\"container\" data-e-type=\"container\">\n\t\t\t\t\t<div class=\"e-con-inner\">\n\t\t\t\t<div class=\"elementor-element elementor-element-392e62c elementor-widget elementor-widget-toggle\" data-id=\"392e62c\" data-element_type=\"widget\" data-e-type=\"widget\" data-widget_type=\"toggle.default\">\n\t\t\t\t<div class=\"elementor-widget-container\">\n\t\t\t\t\t\t\t<div class=\"elementor-toggle\">\n\t\t\t\t\t\t\t<div class=\"elementor-toggle-item\">\n\t\t\t\t\t<div id=\"elementor-tab-title-5991\" class=\"elementor-tab-title\" data-tab=\"1\" role=\"button\" aria-controls=\"elementor-tab-content-5991\" aria-expanded=\"false\">\n\t\t\t\t\t\t\t\t\t\t\t\t<span class=\"elementor-toggle-icon elementor-toggle-icon-left\" aria-hidden=\"true\">\n\t\t\t\t\t\t\t\t\t\t\t\t\t\t\t<span class=\"elementor-toggle-icon-closed\"><svg class=\"e-font-icon-svg e-fas-caret-right\" viewbox=\"0 0 192 512\" xmlns=\"http:\/\/www.w3.org\/2000\/svg\"><path d=\"M0 384.662V127.338c0-17.818 21.543-26.741 34.142-14.142l128.662 128.662c7.81 7.81 7.81 20.474 0 28.284L34.142 398.804C21.543 411.404 0 402.48 0 384.662z\"><\/path><\/svg><\/span>\n\t\t\t\t\t\t\t\t<span class=\"elementor-toggle-icon-opened\"><svg class=\"elementor-toggle-icon-opened e-font-icon-svg e-fas-caret-up\" viewbox=\"0 0 320 512\" xmlns=\"http:\/\/www.w3.org\/2000\/svg\"><path d=\"M288.662 352H31.338c-17.818 0-26.741-21.543-14.142-34.142l128.662-128.662c7.81-7.81 20.474-7.81 28.284 0l128.662 128.662c12.6 12.599 3.676 34.142-14.142 34.142z\"><\/path><\/svg><\/span>\n\t\t\t\t\t\t\t\t\t\t\t\t\t<\/span>\n\t\t\t\t\t\t\t\t\t\t\t\t<a class=\"elementor-toggle-title\" tabindex=\"0\">Versand<\/a>\n\t\t\t\t\t<\/div>\n\n\t\t\t\t\t<div id=\"elementor-tab-content-5991\" class=\"elementor-tab-content elementor-clearfix\" data-tab=\"1\" role=\"region\" aria-labelledby=\"elementor-tab-title-5991\"><p data-start=\"73\" data-end=\"110\"><strong data-start=\"73\" data-end=\"110\">Hauszustellung durch Kurierdienst:<\/strong><\/p><p data-start=\"112\" data-end=\"271\">Wenn Sie Ihr Produkt per Hauslieferung erhalten m\u00f6chten, wird es Ihnen von der ungarischen Post zugestellt. Die Zustellungsgeb\u00fchr betr\u00e4gt wie folgt:<\/p><p data-start=\"112\" data-end=\"271\">Deutschland, \u00d6sterreich, Belgien, Niederlande, Polen, Slowakei, Tschechische Republik: 9,9 EUR<\/p><p data-start=\"112\" data-end=\"271\">Schweiz: 19,9 EUR<\/p><p data-start=\"112\" data-end=\"271\">USA: 29,9 EUR<\/p><p data-start=\"273\" data-end=\"294\"><strong data-start=\"273\" data-end=\"294\">Wie funktioniert das?<\/strong><\/p><p data-start=\"296\" data-end=\"599\">Nach Ihrer Bestellung erhalten Sie eine E-Mail-Benachrichtigung, wenn das Paket an den Kurier \u00fcbergeben wurde. Die Lieferzeit ist die folgende:<\/p><p data-start=\"296\" data-end=\"599\">Deutschland, \u00d6sterreich, Belgien, Niederlande, Polen, Slowakei, Tschechische Republik, Schweiz: 2-4 Arbeitstage<\/p><p data-start=\"296\" data-end=\"599\">USA: 9-14 Arbeitstage<\/p><\/div>\n\t\t\t\t<\/div>\n\t\t\t\t\t\t\t<div class=\"elementor-toggle-item\">\n\t\t\t\t\t<div id=\"elementor-tab-title-5992\" class=\"elementor-tab-title\" data-tab=\"2\" role=\"button\" aria-controls=\"elementor-tab-content-5992\" aria-expanded=\"false\">\n\t\t\t\t\t\t\t\t\t\t\t\t<span class=\"elementor-toggle-icon elementor-toggle-icon-left\" aria-hidden=\"true\">\n\t\t\t\t\t\t\t\t\t\t\t\t\t\t\t<span class=\"elementor-toggle-icon-closed\"><svg class=\"e-font-icon-svg e-fas-caret-right\" viewbox=\"0 0 192 512\" xmlns=\"http:\/\/www.w3.org\/2000\/svg\"><path d=\"M0 384.662V127.338c0-17.818 21.543-26.741 34.142-14.142l128.662 128.662c7.81 7.81 7.81 20.474 0 28.284L34.142 398.804C21.543 411.404 0 402.48 0 384.662z\"><\/path><\/svg><\/span>\n\t\t\t\t\t\t\t\t<span class=\"elementor-toggle-icon-opened\"><svg class=\"elementor-toggle-icon-opened e-font-icon-svg e-fas-caret-up\" viewbox=\"0 0 320 512\" xmlns=\"http:\/\/www.w3.org\/2000\/svg\"><path d=\"M288.662 352H31.338c-17.818 0-26.741-21.543-14.142-34.142l128.662-128.662c7.81-7.81 20.474-7.81 28.284 0l128.662 128.662c12.6 12.599 3.676 34.142-14.142 34.142z\"><\/path><\/svg><\/span>\n\t\t\t\t\t\t\t\t\t\t\t\t\t<\/span>\n\t\t\t\t\t\t\t\t\t\t\t\t<a class=\"elementor-toggle-title\" tabindex=\"0\">Zahlungsinformationen<\/a>\n\t\t\t\t\t<\/div>\n\n\t\t\t\t\t<div id=\"elementor-tab-content-5992\" class=\"elementor-tab-content elementor-clearfix\" data-tab=\"2\" role=\"region\" aria-labelledby=\"elementor-tab-title-5992\"><p data-start=\"30\" data-end=\"172\">Sie k\u00f6nnen die bestellten Produkte und die Versandgeb\u00fchren per Kredit-\/Debitkarte, PayPal oder Bank\u00fcberweisung im Voraus bezahlen.<\/p><p data-start=\"234\" data-end=\"329\">Sie k\u00f6nnen direkt im Webshop mit Maestro-, Mastercard-, American Express- oder Visa-Karten bezahlen.<\/p><\/div>\n\t\t\t\t<\/div>\n\t\t\t\t\t\t\t<div class=\"elementor-toggle-item\">\n\t\t\t\t\t<div id=\"elementor-tab-title-5993\" class=\"elementor-tab-title\" data-tab=\"3\" role=\"button\" aria-controls=\"elementor-tab-content-5993\" aria-expanded=\"false\">\n\t\t\t\t\t\t\t\t\t\t\t\t<span class=\"elementor-toggle-icon elementor-toggle-icon-left\" aria-hidden=\"true\">\n\t\t\t\t\t\t\t\t\t\t\t\t\t\t\t<span class=\"elementor-toggle-icon-closed\"><svg class=\"e-font-icon-svg e-fas-caret-right\" viewbox=\"0 0 192 512\" xmlns=\"http:\/\/www.w3.org\/2000\/svg\"><path d=\"M0 384.662V127.338c0-17.818 21.543-26.741 34.142-14.142l128.662 128.662c7.81 7.81 7.81 20.474 0 28.284L34.142 398.804C21.543 411.404 0 402.48 0 384.662z\"><\/path><\/svg><\/span>\n\t\t\t\t\t\t\t\t<span class=\"elementor-toggle-icon-opened\"><svg class=\"elementor-toggle-icon-opened e-font-icon-svg e-fas-caret-up\" viewbox=\"0 0 320 512\" xmlns=\"http:\/\/www.w3.org\/2000\/svg\"><path d=\"M288.662 352H31.338c-17.818 0-26.741-21.543-14.142-34.142l128.662-128.662c7.81-7.81 20.474-7.81 28.284 0l128.662 128.662c12.6 12.599 3.676 34.142-14.142 34.142z\"><\/path><\/svg><\/span>\n\t\t\t\t\t\t\t\t\t\t\t\t\t<\/span>\n\t\t\t\t\t\t\t\t\t\t\t\t<a class=\"elementor-toggle-title\" tabindex=\"0\">100% Geld-zur\u00fcck-Garantie<\/a>\n\t\t\t\t\t<\/div>\n\n\t\t\t\t\t<div id=\"elementor-tab-content-5993\" class=\"elementor-tab-content elementor-clearfix\" data-tab=\"3\" role=\"region\" aria-labelledby=\"elementor-tab-title-5993\"><p data-start=\"30\" data-end=\"121\">Ich biete eine 100%ige Geld-zur\u00fcck-Garantie auf alle von mir hergestellten Produkte.<\/p><p data-start=\"123\" data-end=\"307\">Wenn Sie aus irgendeinem Grund mit Ihrer Bestellung nicht zufrieden sind, k\u00f6nnen Sie sie innerhalb von 14 Tagen nach Erhalt zur\u00fcckgeben. In diesem Fall erhalten Sie eine vollst\u00e4ndige R\u00fcckerstattung (ohne die Kosten f\u00fcr die R\u00fccksendung).<\/p><p data-start=\"309\" data-end=\"397\">Bitte senden Sie das Produkt an die folgende Adresse zur\u00fcck:<br data-start=\"360\" data-end=\"363\" \/><strong data-start=\"363\" data-end=\"397\">15\/A. Tiszaf\u00fcred, Malom \u00fat, Ungarn. H-5350<\/strong><\/p><p data-start=\"399\" data-end=\"487\"><strong data-start=\"399\" data-end=\"415\">Bitte beachten Sie: Sonderanfertigungen sind von dieser Regelung ausgeschlossen und k\u00f6nnen nicht erstattet werden.<\/strong> Custom-made items are excluded from this policy and cannot be refunded.<\/p><\/div>\n\t\t\t\t<\/div>\n\t\t\t\t\t\t\t\t<\/div>\n\t\t\t\t\t\t<\/div>\n\t\t\t\t<\/div>\n\t\t\t\t\t<\/div>\n\t\t\t\t<\/div>\n\t\t\t\t<\/div>\n\t\t\t\t<\/div>","protected":false},"excerpt":{"rendered":"<p>USEFUL INFORMATION Shipping Home Delivery by Courier Service: If you would like to receive your product via home delivery, it will be delivered to you by the Hungarian Post Office. The delivery fee is the following: Germany, Austria, Belgium, Netherlands, Poland, Slovakia, Czech Republik: 9,9 EUR Switzerland: 19,9 EUR USA: 29,9 EUR How does it [&hellip;]<\/p>\n","protected":false},"author":1,"featured_media":0,"parent":0,"menu_order":0,"comment_status":"closed","ping_status":"closed","template":"","meta":{"_eb_attr":"","footnotes":""},"class_list":["post-1919","page","type-page","status-publish","hentry"],"blocksy_meta":[],"_links":{"self":[{"href":"https:\/\/sposafiorente.com\/de\/wp-json\/wp\/v2\/pages\/1919","targetHints":{"allow":["GET"]}}],"collection":[{"href":"https:\/\/sposafiorente.com\/de\/wp-json\/wp\/v2\/pages"}],"about":[{"href":"https:\/\/sposafiorente.com\/de\/wp-json\/wp\/v2\/types\/page"}],"author":[{"embeddable":true,"href":"https:\/\/sposafiorente.com\/de\/wp-json\/wp\/v2\/users\/1"}],"replies":[{"embeddable":true,"href":"https:\/\/sposafiorente.com\/de\/wp-json\/wp\/v2\/comments?post=1919"}],"version-history":[{"count":11,"href":"https:\/\/sposafiorente.com\/de\/wp-json\/wp\/v2\/pages\/1919\/revisions"}],"predecessor-version":[{"id":2649,"href":"https:\/\/sposafiorente.com\/de\/wp-json\/wp\/v2\/pages\/1919\/revisions\/2649"}],"wp:attachment":[{"href":"https:\/\/sposafiorente.com\/de\/wp-json\/wp\/v2\/media?parent=1919"}],"curies":[{"name":"wp","href":"https:\/\/api.w.org\/{rel}","templated":true}]}}