{"id":194,"date":"2024-01-22T14:25:33","date_gmt":"2024-01-22T13:25:33","guid":{"rendered":"https:\/\/sposafiorente.com\/?page_id=194"},"modified":"2025-12-11T10:51:04","modified_gmt":"2025-12-11T09:51:04","slug":"about","status":"publish","type":"page","link":"https:\/\/sposafiorente.com\/de\/about\/","title":{"rendered":"\u00dcber uns"},"content":{"rendered":"<div data-elementor-type=\"wp-page\" data-elementor-id=\"194\" class=\"elementor elementor-194\">\n\t\t\t\t<div class=\"elementor-element elementor-element-9c0e03f e-con-full e-flex e-con e-parent\" data-id=\"9c0e03f\" data-element_type=\"container\" data-e-type=\"container\" data-settings=\"{&quot;background_background&quot;:&quot;classic&quot;}\">\n\t\t\t\t<div class=\"elementor-element elementor-element-1d54425 elementor-widget__width-inherit elementor-widget elementor-widget-heading\" data-id=\"1d54425\" data-element_type=\"widget\" data-e-type=\"widget\" data-widget_type=\"heading.default\">\n\t\t\t\t<div class=\"elementor-widget-container\">\n\t\t\t\t\t<h2 class=\"elementor-heading-title elementor-size-default\">\u00dcBER UNS<\/h2>\t\t\t\t<\/div>\n\t\t\t\t<\/div>\n\t\t\t\t<div class=\"elementor-element elementor-element-a4b7fa6 elementor-widget elementor-widget-text-editor\" data-id=\"a4b7fa6\" data-element_type=\"widget\" data-e-type=\"widget\" data-widget_type=\"text-editor.default\">\n\t\t\t\t<div class=\"elementor-widget-container\">\n\t\t\t\t\t\t\t\t\t<p>Ich bin Anett S\u00e1ri-Nagy, Designerin und Inhaberin von Sposa Fiorente Accessoires. Der Geist von Hochzeiten lag mir schon immer am Herzen. Diese Ereignisse haben f\u00fcr mich ein besonderes Gef\u00fchl, das mit nichts anderem zu vergleichen ist. Die Freude an der Vorbereitung und die Romantik des gro\u00dfen Tages sind unnachahmlich. Das Herz und der Ursprung der Hochzeiten sind die Br\u00e4ute, deshalb m\u00f6chte ich ihren Look perfekt machen und ihre Sch\u00f6nheit mit meinen Accessoires unterstreichen. Ich w\u00fcnsche mir, dass jede Braut, die an ihrem besonderen Tag Accessoires Sposa Fiorente tr\u00e4gt, zu der Braut wird, an die sich alle erinnern werden.<\/p><p><img fetchpriority=\"high\" decoding=\"async\" class=\"aligncenter wp-image-1892\" src=\"https:\/\/sposafiorente.com\/wp-content\/uploads\/2024\/12\/PH2_1075-Edit.jpg\" alt=\"\" width=\"220\" height=\"330\" srcset=\"https:\/\/sposafiorente.com\/wp-content\/uploads\/2024\/12\/PH2_1075-Edit.jpg 600w, https:\/\/sposafiorente.com\/wp-content\/uploads\/2024\/12\/PH2_1075-Edit-200x300.jpg 200w, https:\/\/sposafiorente.com\/wp-content\/uploads\/2024\/12\/PH2_1075-Edit-8x12.jpg 8w\" sizes=\"(max-width: 220px) 100vw, 220px\" \/><\/p><p style=\"font-weight: 400;\"><strong><em>Sei \"Sposa Fiorente\"! \" Bl\u00fchende Braut\" am Tag deiner Hochzeit!<\/em><\/strong><\/p><p style=\"font-weight: 400;\">Mein Ziel war, dass ich eine moderne, raffinierte aber aufmerktsamkeitserregende Kollektion herstellt.\nMeine Brautschmucke werden durch die Natur inspiriert.\nIch stelle alle Bl\u00fctenbl\u00e4tter mit der Einzelfertigung und Handarbeit aus dem qualitativen Grundstoff her. Ich bewerbe mich handwerkliche Techniken.<\/p><p style=\"font-weight: 400;\"><strong><em>Eleganz ist in allen Bl\u00fctenbl\u00e4tter!<\/em><\/strong><\/p><p style=\"font-weight: 400;\">Der Deteilreichtum der Porzelanblumen gibt nat\u00fcrliche Sch\u00f6nheeit der Braut.<\/p><p style=\"font-weight: 400;\"><strong><em>Meine qualitativen Grundstoffe!<\/em><\/strong><\/p><p style=\"font-weight: 400;\">Ich mache meine Haarschmucke aus dem rostfreien Stahl.\nMeine Ohrringe werden aus den Goldfilled Grundstoffe. Mit dieser Technologie entstehteine dicke Goldschickt auf der Oberschicht meiner Schmucke.Die Schmucke werden nicht nur mit Edelmetal\u00fcbergezogen, sondern auch werden sie Grundmetel miteinander verschmelzt.\nDie Grundmetale sind bleifrei und nickelfrei, so k\u00f6nnen die metalempfindliche Braut auch tragen.<\/p><p style=\"font-weight: 400;\">Ich benutze gro\u00dfe echte Zuchtperle, und kleinere hochqualite Breiperle mit traditionellenPreciosa R Glas.<\/p><p style=\"font-weight: 400;\"><strong><em>Ich glaube an der Nachhaltigkeit!<\/em><\/strong><\/p><p style=\"font-weight: 400;\">Ich benutze zu meinen Erg\u00e4nzungenkeine Plastik, nur Metal und Porzelan. Bei ihren Herstellungen entstehen nicht so viele s\u00e4dliche Stoffe.\nMeine Produkte sind zeitlos, so k\u00f6nnen sie weitergegeben werden.<\/p><p style=\"font-weight: 400;\"><strong><em>Gib als Geschenk!<\/em><\/strong><\/p><p class=\"translation-block\"><span style=\"font-weight: 400\">Alle Produkte, die  im Webshop bestellt werden, sind in dekorativen Verpackungen. So k\u00f6nnen sie als  perfekte Geschenke werden.<\/span><br><img class=\"wp-image-1197 aligncenter\" src=\"https:\/\/sposafiorente.com\/wp-content\/uploads\/2024\/04\/Serena-hajpant_webk.jpg\" alt=\"\" width=\"300\" height=\"300\"><\/p><p style=\"font-weight: 400;\"><strong><em>Lass deine Fantasie frei!<\/em><\/strong><\/p><p style=\"font-weight: 400;\">Die verliebte Paare und ihre Hochzeiten einzigartig sind. Wenn sie die Erg\u00e4nzungen auf eigenen Stilformulieren m\u00f6chten, k\u00f6nnen sie mit mir Kontakt aufnehmen. So kann ich ihre Schmucke zu ihren Hochzeitkleid und Brautstrau\u00df anpassen.<\/p><p>Email address: info@sposafiorente.com<\/p><p>Phone number: \u00a000 36 30 856 7091 (available on WhatsApp)<\/p>\t\t\t\t\t\t\t\t<\/div>\n\t\t\t\t<\/div>\n\t\t\t\t<\/div>\n\t\t\t\t<\/div>","protected":false},"excerpt":{"rendered":"<p>ABOUT I&#8217;m Anett S\u00e1ri-Nagy, designer and owner of Sposa Fiorente accessories. The spirit of weddings has always been close to my heart, these events hold a special feeling for me that cannot be compared to anything else. The joy of the preparation and the romance of the big day is inimitable. The heart and the [&hellip;]<\/p>\n","protected":false},"author":1,"featured_media":0,"parent":0,"menu_order":0,"comment_status":"closed","ping_status":"closed","template":"","meta":{"_eb_attr":"","footnotes":""},"class_list":["post-194","page","type-page","status-publish","hentry"],"blocksy_meta":[],"_links":{"self":[{"href":"https:\/\/sposafiorente.com\/de\/wp-json\/wp\/v2\/pages\/194","targetHints":{"allow":["GET"]}}],"collection":[{"href":"https:\/\/sposafiorente.com\/de\/wp-json\/wp\/v2\/pages"}],"about":[{"href":"https:\/\/sposafiorente.com\/de\/wp-json\/wp\/v2\/types\/page"}],"author":[{"embeddable":true,"href":"https:\/\/sposafiorente.com\/de\/wp-json\/wp\/v2\/users\/1"}],"replies":[{"embeddable":true,"href":"https:\/\/sposafiorente.com\/de\/wp-json\/wp\/v2\/comments?post=194"}],"version-history":[{"count":101,"href":"https:\/\/sposafiorente.com\/de\/wp-json\/wp\/v2\/pages\/194\/revisions"}],"predecessor-version":[{"id":2664,"href":"https:\/\/sposafiorente.com\/de\/wp-json\/wp\/v2\/pages\/194\/revisions\/2664"}],"wp:attachment":[{"href":"https:\/\/sposafiorente.com\/de\/wp-json\/wp\/v2\/media?parent=194"}],"curies":[{"name":"wp","href":"https:\/\/api.w.org\/{rel}","templated":true}]}}