{"id":1162,"date":"2024-04-17T21:39:52","date_gmt":"2024-04-17T20:39:52","guid":{"rendered":"https:\/\/sposafiorente.com\/?post_type=product&#038;p=1162"},"modified":"2025-05-30T11:45:21","modified_gmt":"2025-05-30T10:45:21","slug":"orchidea-hairpin","status":"publish","type":"product","link":"https:\/\/sposafiorente.com\/de\/shop\/product\/orchidea-hairpin\/","title":{"rendered":"Orchidea Haarnadel"},"content":{"rendered":"<h3 data-start=\"91\" data-end=\"121\">\u00dcber das Kopfteil f\u00fcr die Braut<\/h3>\n<p data-start=\"123\" data-end=\"291\">Die <strong data-start=\"127\" data-end=\"145\">Orchidea Haarnadel<\/strong> ist typischerweise bei Br\u00e4uten beliebt, die ein modernes, minimalistisches Design bevorzugen. Diese Haarnadel ist besonders f\u00fcr Br\u00e4ute zu empfehlen, die diesen Stil sch\u00e4tzen.<\/p>\n<p style=\"font-weight: 400;\">Auch dieses Haarschmuckst\u00fcck wird mit gr\u00f6\u00dfter Sorgfalt und Aufmerksamkeit handgefertigt, so dass es der Frisur echten Charme und Eleganz verleihen kann.<\/p>\n<p style=\"font-weight: 400;\">Die Gr\u00f6\u00dfe des Haarschmucks ohne die Haarnadel betr\u00e4gt 8 cm \/3.1 inches.<\/p>\n<p>The price is for 1 hairpin.<\/p>\n<p data-start=\"386\" data-end=\"427\">Die Produktfotos zeigen die Gold-Version.<\/p>\n<hr data-start=\"429\" data-end=\"432\" \/>\n<h3 data-start=\"434\" data-end=\"452\">Verwendete Materialien<\/h3>\n<p data-start=\"454\" data-end=\"731\">Nat\u00fcrlicher Stil ist nach wie vor ein f\u00fchrender Trend bei Haarschmuck f\u00fcr Br\u00e4ute: Blattformen, Blumenmuster und S\u00fc\u00dfwasserperlen sind h\u00e4ufig in diesen Schmuckst\u00fccken zu finden. Diese Elemente verleihen dem Look zarte Romantik und Leichtigkeit. Mit Porzellan-Accessoires lassen sich diese feinen Details detailliert ausarbeiten.<\/p>\n<p data-start=\"733\" data-end=\"1260\">Jedes Porzellanbl\u00fctenblatt wird mit au\u00dfergew\u00f6hnlicher Hingabe und Sorgfalt einzeln handgefertigt. Diese einzigartigen, handgefertigten Haarschmuckst\u00fccke sind nicht nur \u00e4sthetisch herausragend, sondern auch langlebig. Sie sind resistent gegen kleine Besch\u00e4digungen und Risse und damit eine dauerhafte Wahl, die auch nach der Hochzeit als Andenken aufbewahrt werden kann. Das Porzellan erm\u00f6glicht es, jedes kleine Detail des Brauthaarschmucks einzigartig zu gestalten, was ein gro\u00dfer Vorteil ist, wenn die Braut m\u00f6chte, dass der Haarschmuck perfekt zum Hochzeitsthema, zum Kleid oder zum Stil des Brautstrau\u00dfes passt.<\/p>\n<hr data-start=\"1262\" data-end=\"1265\" \/>\n<h3 data-start=\"1267\" data-end=\"1312\">Welche Art von Haarschmuck soll ich w\u00e4hlen?<\/h3>\n<p data-start=\"1314\" data-end=\"1436\">Die Wahl des perfekten Haarteils h\u00e4ngt von der Frisur, dem Stil des Brautkleides und dem Thema der Hochzeit ab. Einige beliebte Typen sind:<\/p>\n<ul data-start=\"1438\" data-end=\"2032\">\n<li data-start=\"1438\" data-end=\"1567\">\n<p data-start=\"1440\" data-end=\"1567\"><strong data-start=\"1440\" data-end=\"1463\">Haarnadeln und Clips:<\/strong> ideal zum Verzieren von Dutt oder losen Z\u00f6pfen. Blumen-, Perlen- und Kristallmotive sind besonders beliebt.<\/p>\n<\/li>\n<li data-start=\"1568\" data-end=\"1653\">\n<p data-start=\"1570\" data-end=\"1653\"><strong data-start=\"1570\" data-end=\"1595\">Stirnb\u00e4nder und Kronen:<\/strong> bieten einen stilvollen Look und passen gut zu schlichten Frisuren.<\/p>\n<\/li>\n<li data-start=\"1654\" data-end=\"1780\">\n<p data-start=\"1656\" data-end=\"1780\"><strong data-start=\"1656\" data-end=\"1674\">Blumenkr\u00e4nze:<\/strong> Empfohlen f\u00fcr nat\u00fcrliche und b\u00f6hmische Hochzeiten, in der Regel aus frischen oder getrockneten Blumen und Gr\u00fcnzeug hergestellt.<\/p>\n<\/li>\n<li data-start=\"1781\" data-end=\"1886\">\n<p data-start=\"1783\" data-end=\"1886\"><strong data-start=\"1783\" data-end=\"1793\">K\u00e4mme:<\/strong> lassen sich leicht in Dutt, Pferdeschwanz oder Hochsteckfrisuren einf\u00fcgen und bleiben den ganzen Tag \u00fcber fest an ihrem Platz.<\/p>\n<\/li>\n<li data-start=\"1887\" data-end=\"2032\">\n<p data-start=\"1889\" data-end=\"2032\"><strong data-start=\"1889\" data-end=\"1899\">Haardraht:<\/strong> vielseitige Haarteile, die neben oder \u00fcber einem Dutt, \u00fcberall in der Frisur mit Z\u00f6pfen oder Twists platziert oder sogar als Haarreif getragen werden k\u00f6nnen.<\/p>\n<\/li>\n<\/ul>\n<hr data-start=\"2034\" data-end=\"2037\" \/>\n<h3 data-start=\"2039\" data-end=\"2064\">Kundenspezifische Bestellungen willkommen<\/h3>\n<p data-start=\"2066\" data-end=\"2302\">W\u00e4hlen Sie aus der Brautkopfschmuck-Kollektion im Shop oder kontaktieren Sie mich f\u00fcr eine individuelle Anfertigung! Bestellen Sie die passenden Ohrringe f\u00fcr die Braut hier:<br data-start=\"2193\" data-end=\"2196\" \/><a class=\"\" href=\"https:\/\/sposafiorente.hu\/termekkategoria\/fulbevalo\/\" target=\"_new\" rel=\"noopener\" data-start=\"2196\" data-end=\"2302\">https:\/\/sposafiorente.hu\/termekkategoria\/fulbevalo\/<\/a><\/p>\n<hr data-start=\"2304\" data-end=\"2307\" \/>\n<h3 data-start=\"2309\" data-end=\"2361\">F\u00fcr mehr Inspiration folgen Sie mir in den sozialen Medien:<\/h3>\n<p data-start=\"2363\" data-end=\"2583\">Instagram: <a class=\"\" href=\"https:\/\/www.instagram.com\/sposafiorente\/\" target=\"_new\" rel=\"noopener\" data-start=\"2374\" data-end=\"2458\">https:\/\/www.instagram.com\/sposafiorente\/<\/a><br data-start=\"2458\" data-end=\"2461\" \/>Facebook: <a class=\"\" href=\"https:\/\/www.facebook.com\/profile.php?id=61557203714592\" target=\"_new\" rel=\"noopener\" data-start=\"2471\" data-end=\"2583\">https:\/\/www.facebook.com\/profile.php?id=61557203714592<\/a><\/p>\n<p>&nbsp;<\/p>\n<p>&nbsp;<\/p>","protected":false},"excerpt":{"rendered":"<p data-start=\"123\" data-end=\"291\">\n<div data-woocs-sd='{&quot;width&quot;:&quot;148&quot;,&quot;img_pos&quot;:1,&quot;max_open_height&quot;:&quot;300&quot;,&quot;show_img&quot;:0,&quot;width_p100&quot;:0,&quot;scale&quot;:&quot;100&quot;,&quot;description_font_size&quot;:&quot;12&quot;,&quot;title_show&quot;:&quot;1&quot;,&quot;title_value&quot;:&quot;__CODE__&quot;,&quot;title_font&quot;:&quot;Arial&quot;,&quot;title_bold&quot;:1,&quot;title_font_size&quot;:&quot;14&quot;,&quot;title_color&quot;:&quot;#C3a759&quot;,&quot;border_radius&quot;:&quot;0&quot;,&quot;border_color&quot;:&quot;#eeeeee&quot;,&quot;img_height&quot;:&quot;24&quot;,&quot;img_vertival_pos&quot;:&quot;5&quot;,&quot;show_description&quot;:0,&quot;description_color&quot;:&quot;#aaaaaa&quot;,&quot;description_font&quot;:&quot;Arial&quot;,&quot;background_color&quot;:&quot;#fafafa&quot;,&quot;pointer_color&quot;:&quot;#000000&quot;,&quot;divider_color&quot;:&quot;#eeeeee&quot;,&quot;divider_size&quot;:&quot;2&quot;,&quot;border_width&quot;:&quot;1&quot;}' data-woocs-ver='2.4.2.3' style=\"width: 148px; max-width: 100%;\" data-woocs-sd-currencies='[{&quot;value&quot;:&quot;USD&quot;,&quot;sign&quot;:&quot;&amp;#36;&quot;,&quot;title&quot;:&quot;USD&quot;,&quot;text&quot;:&quot;USA dollar&quot;,&quot;img&quot;:&quot;https:\\\/\\\/sposafiorente.com\\\/wp-content\\\/uploads\\\/2025\\\/05\\\/Flag_of_the_United_States.svg.png&quot;,&quot;title_attributes&quot;:{&quot;data-sign&quot;:&quot;&amp;#36;&quot;,&quot;data-name&quot;:&quot;USD&quot;,&quot;data-desc&quot;:&quot;USA dollar&quot;}},{&quot;value&quot;:&quot;EUR&quot;,&quot;sign&quot;:&quot;&amp;euro;&quot;,&quot;title&quot;:&quot;EUR&quot;,&quot;text&quot;:&quot;European Euro&quot;,&quot;img&quot;:&quot;https:\\\/\\\/sposafiorente.com\\\/wp-content\\\/uploads\\\/2025\\\/05\\\/Flag_of_Europe.svg.png&quot;,&quot;title_attributes&quot;:{&quot;data-sign&quot;:&quot;&amp;euro;&quot;,&quot;data-name&quot;:&quot;EUR&quot;,&quot;data-desc&quot;:&quot;European Euro&quot;}},{&quot;value&quot;:&quot;CHF&quot;,&quot;sign&quot;:&quot;CHF&quot;,&quot;title&quot;:&quot;CHF&quot;,&quot;text&quot;:&quot;Swiss Franc&quot;,&quot;img&quot;:&quot;https:\\\/\\\/sposafiorente.com\\\/wp-content\\\/uploads\\\/2025\\\/05\\\/Switzerland-flag-1-5957046.jpg&quot;,&quot;title_attributes&quot;:{&quot;data-sign&quot;:&quot;CHF&quot;,&quot;data-name&quot;:&quot;CHF&quot;,&quot;data-desc&quot;:&quot;Swiss Franc&quot;}}]'>\n<div class=\"woocs-lds-ellipsis\">\n<div><\/div>\n<div><\/div>\n<div><\/div>\n<div><\/div>\n<\/div>\n<\/div>\n<p data-start=\"123\" data-end=\"291\">The <strong data-start=\"127\" data-end=\"145\">Orchid hairpin<\/strong> is typically loved by brides who prefer a modern, minimalist design. This hairpin is especially recommended for brides who appreciate this style.<\/p>\n<p style=\"font-weight: 400;\">This hair accessory is also uniquely handmade with extreme care and attention, so it can add real charm and elegance to the hairstyle.<\/p>\n<p style=\"font-weight: 400;\">The size of the hair ornament without the hairpin is 8 cm \/3.1 inches.<\/p>\n<p data-start=\"386\" data-end=\"427\">The product photos show the Gold version.<\/p>\n","protected":false},"featured_media":1677,"comment_status":"open","ping_status":"closed","template":"","meta":{"_eb_attr":""},"product_brand":[],"product_cat":[18],"product_tag":[],"class_list":{"0":"post-1162","1":"product","2":"type-product","3":"status-publish","4":"has-post-thumbnail","6":"product_cat-hairpin","8":"first","9":"instock","10":"shipping-taxable","11":"purchasable","12":"product-type-variable"},"_links":{"self":[{"href":"https:\/\/sposafiorente.com\/de\/wp-json\/wp\/v2\/product\/1162","targetHints":{"allow":["GET"]}}],"collection":[{"href":"https:\/\/sposafiorente.com\/de\/wp-json\/wp\/v2\/product"}],"about":[{"href":"https:\/\/sposafiorente.com\/de\/wp-json\/wp\/v2\/types\/product"}],"replies":[{"embeddable":true,"href":"https:\/\/sposafiorente.com\/de\/wp-json\/wp\/v2\/comments?post=1162"}],"wp:featuredmedia":[{"embeddable":true,"href":"https:\/\/sposafiorente.com\/de\/wp-json\/wp\/v2\/media\/1677"}],"wp:attachment":[{"href":"https:\/\/sposafiorente.com\/de\/wp-json\/wp\/v2\/media?parent=1162"}],"wp:term":[{"taxonomy":"product_brand","embeddable":true,"href":"https:\/\/sposafiorente.com\/de\/wp-json\/wp\/v2\/product_brand?post=1162"},{"taxonomy":"product_cat","embeddable":true,"href":"https:\/\/sposafiorente.com\/de\/wp-json\/wp\/v2\/product_cat?post=1162"},{"taxonomy":"product_tag","embeddable":true,"href":"https:\/\/sposafiorente.com\/de\/wp-json\/wp\/v2\/product_tag?post=1162"}],"curies":[{"name":"wp","href":"https:\/\/api.w.org\/{rel}","templated":true}]}}