{"id":2204,"date":"2025-05-22T09:43:23","date_gmt":"2025-05-22T08:43:23","guid":{"rendered":"https:\/\/sposafiorente.com\/?post_type=product&#038;p=2204"},"modified":"2025-05-30T11:28:20","modified_gmt":"2025-05-30T10:28:20","slug":"rosabella-hairpin","status":"publish","type":"product","link":"https:\/\/sposafiorente.com\/de\/shop\/product\/rosabella-hairpin\/","title":{"rendered":"Rosabella Haarnadel"},"content":{"rendered":"<h3 data-start=\"107\" data-end=\"137\">\u00dcber das Kopfteil f\u00fcr die Braut<\/h3>\n<p data-start=\"159\" data-end=\"336\">Die Rosabella Haarnadel ist aus Porzellanorchideen und Rosen in verschiedenen Gr\u00f6\u00dfen gefertigt. Diese elegante Haarnadel wird f\u00fcr Br\u00e4ute empfohlen, die den klassischen Stil sch\u00e4tzen.<\/p>\n<p data-start=\"139\" data-end=\"362\">Jedes Bl\u00fctenblatt der verwendeten Blumen wird mit au\u00dfergew\u00f6hnlicher Sorgfalt und Aufmerksamkeit einzeln von Hand gefertigt.<\/p>\n<p data-start=\"364\" data-end=\"434\">Die Haarnadel misst ungef\u00e4hr 10 cm (ohne Haarnadel).<\/p>\n<p data-start=\"364\" data-end=\"434\">Die Produktbilder zeigen die silberne Version.<\/p>\n<hr data-start=\"436\" data-end=\"439\" \/>\n<h3 data-start=\"441\" data-end=\"459\">Verwendete Materialien<\/h3>\n<p data-start=\"461\" data-end=\"775\">Beim Haarschmuck f\u00fcr die Braut dominiert nach wie vor der nat\u00fcrliche Stil: Blattformen, florale Motive und S\u00fc\u00dfwasserperlen finden sich h\u00e4ufig in den Haarschmuckst\u00fccken. Diese Elemente verleihen dem Gesamtbild eine zarte, romantische und leichte Note. Porzellan-Accessoires bieten die M\u00f6glichkeit, diese feinen Details sch\u00f6n zu gestalten.<\/p>\n<p data-start=\"777\" data-end=\"1303\">Jedes Porzellanbl\u00fctenblatt wird einzeln und mit au\u00dferordentlicher Sorgfalt handgefertigt. Diese einzigartigen, handgefertigten Haarteile sind nicht nur optisch herausragend, sondern auch langlebig. Sie \u00fcberstehen kleinere Besch\u00e4digungen und Risse gut und sind somit eine dauerhafte Wahl, die auch nach dem Hochzeitstag als Andenken bewahrt werden kann. Durch die Verwendung von Porzellan kann jedes Detail des Brauthaarteils individuell gestaltet werden, was besonders dann von Vorteil ist, wenn die Braut w\u00fcnscht, dass das St\u00fcck perfekt zum Hochzeitsthema, zum Kleid oder zum Stil des Brautstrau\u00dfes passt.<\/p>\n<hr data-start=\"1305\" data-end=\"1308\" \/>\n<h3 data-start=\"1310\" data-end=\"1355\">Welche Art von Haarschmuck soll ich w\u00e4hlen?<\/h3>\n<p data-start=\"1357\" data-end=\"1475\">Das perfekte Haar-Accessoire h\u00e4ngt von der Frisur, dem Stil des Brautkleides und dem Thema der Hochzeit ab. Einige beliebte Typen sind:<\/p>\n<ul data-start=\"1477\" data-end=\"2071\">\n<li data-start=\"1477\" data-end=\"1606\">\n<p data-start=\"1479\" data-end=\"1606\"><strong data-start=\"1479\" data-end=\"1502\">Haarnadeln und Clips:<\/strong> ideal zum Verzieren von Dutt oder losen Z\u00f6pfen. Blumen-, Perlen- und Kristallmotive sind besonders beliebt.<\/p>\n<\/li>\n<li data-start=\"1607\" data-end=\"1692\">\n<p data-start=\"1609\" data-end=\"1692\"><strong data-start=\"1609\" data-end=\"1634\">Stirnb\u00e4nder und Kronen:<\/strong> bieten einen stilvollen Look und passen gut zu schlichten Frisuren.<\/p>\n<\/li>\n<li data-start=\"1693\" data-end=\"1819\">\n<p data-start=\"1695\" data-end=\"1819\"><strong data-start=\"1695\" data-end=\"1713\">Blumenkr\u00e4nze:<\/strong> Empfohlen f\u00fcr nat\u00fcrliche und b\u00f6hmische Hochzeiten, in der Regel aus frischen oder getrockneten Blumen und Gr\u00fcnzeug hergestellt.<\/p>\n<\/li>\n<li data-start=\"1820\" data-end=\"1925\">\n<p data-start=\"1822\" data-end=\"1925\"><strong data-start=\"1822\" data-end=\"1832\">K\u00e4mme:<\/strong> lassen sich leicht in Dutt, Pferdeschwanz oder Hochsteckfrisuren einf\u00fcgen und bleiben den ganzen Tag \u00fcber fest an ihrem Platz.<\/p>\n<\/li>\n<li data-start=\"1926\" data-end=\"2071\">\n<p data-start=\"1928\" data-end=\"2071\"><strong data-start=\"1928\" data-end=\"1938\">Haardraht:<\/strong> vielseitige Haarteile, die neben oder \u00fcber einem Dutt, \u00fcberall in der Frisur mit Z\u00f6pfen oder Twists platziert oder sogar als Haarreif getragen werden k\u00f6nnen.<\/p>\n<\/li>\n<\/ul>\n<hr data-start=\"2073\" data-end=\"2076\" \/>\n<h3 data-start=\"2078\" data-end=\"2103\">Kundenspezifische Bestellungen willkommen<\/h3>\n<p data-start=\"2105\" data-end=\"2341\">W\u00e4hlen Sie aus der Brautkopfschmuck-Kollektion im Shop oder kontaktieren Sie mich f\u00fcr eine individuelle Anfertigung! Bestellen Sie die passenden Ohrringe f\u00fcr die Braut hier:<br data-start=\"2232\" data-end=\"2235\" \/><a class=\"\" href=\"https:\/\/sposafiorente.hu\/termekkategoria\/fulbevalo\/\" target=\"_new\" rel=\"noopener\" data-start=\"2235\" data-end=\"2341\">https:\/\/sposafiorente.hu\/termekkategoria\/fulbevalo\/<\/a><\/p>\n<hr data-start=\"2343\" data-end=\"2346\" \/>\n<h3 data-start=\"2348\" data-end=\"2400\">F\u00fcr mehr Inspiration folgen Sie mir in den sozialen Medien:<\/h3>\n<p data-start=\"2402\" data-end=\"2622\">Instagram: <a class=\"\" href=\"https:\/\/www.instagram.com\/sposafiorente\/\" target=\"_new\" rel=\"noopener\" data-start=\"2413\" data-end=\"2497\">https:\/\/www.instagram.com\/sposafiorente\/<\/a><br data-start=\"2497\" data-end=\"2500\" \/>Facebook: <a class=\"\" href=\"https:\/\/www.facebook.com\/profile.php?id=61557203714592\" target=\"_new\" rel=\"noopener\" data-start=\"2510\" data-end=\"2622\">https:\/\/www.facebook.com\/profile.php?id=61557203714592<\/a><\/p>\n<p>&nbsp;<\/p>\n<p>&nbsp;<\/p>","protected":false},"excerpt":{"rendered":"<p data-start=\"159\" data-end=\"336\">\n<div data-woocs-sd='{&quot;width&quot;:&quot;148&quot;,&quot;img_pos&quot;:1,&quot;max_open_height&quot;:&quot;300&quot;,&quot;show_img&quot;:0,&quot;width_p100&quot;:0,&quot;scale&quot;:&quot;100&quot;,&quot;description_font_size&quot;:&quot;12&quot;,&quot;title_show&quot;:&quot;1&quot;,&quot;title_value&quot;:&quot;__CODE__&quot;,&quot;title_font&quot;:&quot;Arial&quot;,&quot;title_bold&quot;:1,&quot;title_font_size&quot;:&quot;14&quot;,&quot;title_color&quot;:&quot;#C3a759&quot;,&quot;border_radius&quot;:&quot;0&quot;,&quot;border_color&quot;:&quot;#eeeeee&quot;,&quot;img_height&quot;:&quot;24&quot;,&quot;img_vertival_pos&quot;:&quot;5&quot;,&quot;show_description&quot;:0,&quot;description_color&quot;:&quot;#aaaaaa&quot;,&quot;description_font&quot;:&quot;Arial&quot;,&quot;background_color&quot;:&quot;#fafafa&quot;,&quot;pointer_color&quot;:&quot;#000000&quot;,&quot;divider_color&quot;:&quot;#eeeeee&quot;,&quot;divider_size&quot;:&quot;2&quot;,&quot;border_width&quot;:&quot;1&quot;}' data-woocs-ver='2.4.2.3' style=\"width: 148px; max-width: 100%;\" data-woocs-sd-currencies='[{&quot;value&quot;:&quot;USD&quot;,&quot;sign&quot;:&quot;&amp;#36;&quot;,&quot;title&quot;:&quot;USD&quot;,&quot;text&quot;:&quot;USA dollar&quot;,&quot;img&quot;:&quot;https:\\\/\\\/sposafiorente.com\\\/wp-content\\\/uploads\\\/2025\\\/05\\\/Flag_of_the_United_States.svg.png&quot;,&quot;title_attributes&quot;:{&quot;data-sign&quot;:&quot;&amp;#36;&quot;,&quot;data-name&quot;:&quot;USD&quot;,&quot;data-desc&quot;:&quot;USA dollar&quot;}},{&quot;value&quot;:&quot;EUR&quot;,&quot;sign&quot;:&quot;&amp;euro;&quot;,&quot;title&quot;:&quot;EUR&quot;,&quot;text&quot;:&quot;European Euro&quot;,&quot;img&quot;:&quot;https:\\\/\\\/sposafiorente.com\\\/wp-content\\\/uploads\\\/2025\\\/05\\\/Flag_of_Europe.svg.png&quot;,&quot;title_attributes&quot;:{&quot;data-sign&quot;:&quot;&amp;euro;&quot;,&quot;data-name&quot;:&quot;EUR&quot;,&quot;data-desc&quot;:&quot;European Euro&quot;}},{&quot;value&quot;:&quot;CHF&quot;,&quot;sign&quot;:&quot;CHF&quot;,&quot;title&quot;:&quot;CHF&quot;,&quot;text&quot;:&quot;Swiss Franc&quot;,&quot;img&quot;:&quot;https:\\\/\\\/sposafiorente.com\\\/wp-content\\\/uploads\\\/2025\\\/05\\\/Switzerland-flag-1-5957046.jpg&quot;,&quot;title_attributes&quot;:{&quot;data-sign&quot;:&quot;CHF&quot;,&quot;data-name&quot;:&quot;CHF&quot;,&quot;data-desc&quot;:&quot;Swiss Franc&quot;}}]'>\n<div class=\"woocs-lds-ellipsis\">\n<div><\/div>\n<div><\/div>\n<div><\/div>\n<div><\/div>\n<\/div>\n<\/div>\n<p data-start=\"159\" data-end=\"336\">The Rosabella hairpin bridal accessory is crafted from porcelain orchids and roses of various sizes. This elegant hairpin is recommended for brides who appreciate classic style.<\/p>\n<p data-start=\"139\" data-end=\"362\">Each petal of the flowers used is individually handmade with extraordinary care and attention.<\/p>\n<p data-start=\"364\" data-end=\"434\">The hairpin measures approximately 10 cm \/ 3.9 inches (without the hairpin).<\/p>\n<p data-start=\"364\" data-end=\"434\">The product pictures show the Silver version.<\/p>\n","protected":false},"featured_media":2208,"comment_status":"open","ping_status":"closed","template":"","meta":{"_eb_attr":""},"product_brand":[],"product_cat":[18],"product_tag":[],"class_list":{"0":"post-2204","1":"product","2":"type-product","3":"status-publish","4":"has-post-thumbnail","6":"product_cat-hairpin","8":"first","9":"instock","10":"shipping-taxable","11":"purchasable","12":"product-type-variable"},"_links":{"self":[{"href":"https:\/\/sposafiorente.com\/de\/wp-json\/wp\/v2\/product\/2204","targetHints":{"allow":["GET"]}}],"collection":[{"href":"https:\/\/sposafiorente.com\/de\/wp-json\/wp\/v2\/product"}],"about":[{"href":"https:\/\/sposafiorente.com\/de\/wp-json\/wp\/v2\/types\/product"}],"replies":[{"embeddable":true,"href":"https:\/\/sposafiorente.com\/de\/wp-json\/wp\/v2\/comments?post=2204"}],"wp:featuredmedia":[{"embeddable":true,"href":"https:\/\/sposafiorente.com\/de\/wp-json\/wp\/v2\/media\/2208"}],"wp:attachment":[{"href":"https:\/\/sposafiorente.com\/de\/wp-json\/wp\/v2\/media?parent=2204"}],"wp:term":[{"taxonomy":"product_brand","embeddable":true,"href":"https:\/\/sposafiorente.com\/de\/wp-json\/wp\/v2\/product_brand?post=2204"},{"taxonomy":"product_cat","embeddable":true,"href":"https:\/\/sposafiorente.com\/de\/wp-json\/wp\/v2\/product_cat?post=2204"},{"taxonomy":"product_tag","embeddable":true,"href":"https:\/\/sposafiorente.com\/de\/wp-json\/wp\/v2\/product_tag?post=2204"}],"curies":[{"name":"wp","href":"https:\/\/api.w.org\/{rel}","templated":true}]}}